{"id":37,"date":"2024-12-26T18:24:40","date_gmt":"2024-12-26T18:24:40","guid":{"rendered":"https:\/\/ozbamedikal.com.tr\/wp\/about\/"},"modified":"2025-01-05T20:01:21","modified_gmt":"2025-01-05T20:01:21","slug":"hakkimizda","status":"publish","type":"page","link":"https:\/\/ozbamedikal.com.tr\/?page_id=37","title":{"rendered":"Hakk\u0131m\u0131zda"},"content":{"rendered":"\n\n\n<h2>Biz Kimiz<\/h2>\n\u00d6ZBA Medikal olarak m\u00fc\u015fterilerin beklentilerine kaliteli ve istikrarla kar\u015f\u0131l\u0131k vermek ilk \u00f6nceli\u011fimizdir. H\u0131zl\u0131 \u00fcr\u00fcn teslimi sat\u0131\u015f sonras\u0131 destek g\u00f6rev edinmi\u015f durumdad\u0131r.\n\u015eirketimiz medikal sekt\u00f6rdeki yenilikleri yak\u0131ndan takip ederek \u00e7\u00f6z\u00fcm odakl\u0131 bir anlay\u0131\u015fla m\u00fc\u015fterilerine hizmet vermektedir. Sekt\u00f6r\u00fcnde \u00f6nc\u00fc olma vizyonu ile hareket eden \u00d6ZBA Medikal verimlili\u011fi benimsemi\u015f y\u00f6netim anlay\u0131\u015f\u0131, sayg\u0131n marka de\u011feri ve sekt\u00f6r tecr\u00fcbeli dinamik ekibi ile h\u0131zl\u0131, g\u00fcvenli ve do\u011fru \u00e7\u00f6z\u00fcmleri sizlere sunmaktad\u0131r.\nMedikal cihaz sekt\u00f6r\u00fcn\u00fcn s\u00fcrekli geli\u015fti\u011fi bilinciyle hem kendimizi hem de \u00fcr\u00fcn yelpazemizi aral\u0131ks\u0131z bir \u015fekilde yenilenmekteyiz. Her ge\u00e7en g\u00fcn artan \u00fcr\u00fcn \u00e7e\u015fitlili\u011fimiz ve stok miktar\u0131m\u0131zla sizlere kesintisiz ve en kaliteli hizmeti sunmaktay\u0131z. M\u00fc\u015fteri memnuniyeti odakl\u0131 hizmetlerimizi, bilimsel ve etik de\u011ferlerin bilincinde s\u00fcrd\u00fcrmek \u015firketimizin vazge\u00e7ilmez ilkesidir.\n\n\n\n\n\n\n\n\n\n\n\n\nSekt\u00f6r tecr\u00fcbeli dinamik ekibimiz ile h\u0131zl\u0131, g\u00fcvenli ve do\u011fru \u00e7\u00f6z\u00fcm ortakl\u0131\u011f\u0131\n\n\n\u0130\u015f ortaklar\u0131m\u0131zla sa\u011flanan g\u00fcven ve memnuniyet\n\n\n\n\nHer ge\u00e7en g\u00fcn artan \u00fcr\u00fcn \u00e7e\u015fitlili\u011fimiz ve stok miktar\u0131m\u0131zla kesintisiz ve kaliteli hizmet\n\n\n\n\n\nH\u0131zl\u0131 \u00fcr\u00fcn teslimi, sat\u0131\u015f sonras\u0131 destek\n\n\n\n\n\u00d6nde gelen d\u00fcnya markalar\u0131 ile g\u00fcvenilir \u00e7\u00f6z\u00fcmler\n\n\nKullan\u0131lan \u00fcr\u00fcnlerde y\u00fcksek kalitenin s\u00fcrd\u00fcr\u00fclebilirli\u011fi\n\n\n\n\n\n\n\n","protected":false},"excerpt":{"rendered":"","protected":false},"author":1,"featured_media":0,"parent":0,"menu_order":0,"comment_status":"closed","ping_status":"closed","template":"","meta":{"_siteseo_robots_primary_cat":"","pagelayer_contact_templates":[],"_pagelayer_content":"","footnotes":""},"class_list":["post-37","page","type-page","status-publish","hentry"],"_links":{"self":[{"href":"https:\/\/ozbamedikal.com.tr\/index.php?rest_route=\/wp\/v2\/pages\/37","targetHints":{"allow":["GET"]}}],"collection":[{"href":"https:\/\/ozbamedikal.com.tr\/index.php?rest_route=\/wp\/v2\/pages"}],"about":[{"href":"https:\/\/ozbamedikal.com.tr\/index.php?rest_route=\/wp\/v2\/types\/page"}],"author":[{"embeddable":true,"href":"https:\/\/ozbamedikal.com.tr\/index.php?rest_route=\/wp\/v2\/users\/1"}],"replies":[{"embeddable":true,"href":"https:\/\/ozbamedikal.com.tr\/index.php?rest_route=%2Fwp%2Fv2%2Fcomments&post=37"}],"version-history":[{"count":72,"href":"https:\/\/ozbamedikal.com.tr\/index.php?rest_route=\/wp\/v2\/pages\/37\/revisions"}],"predecessor-version":[{"id":231,"href":"https:\/\/ozbamedikal.com.tr\/index.php?rest_route=\/wp\/v2\/pages\/37\/revisions\/231"}],"wp:attachment":[{"href":"https:\/\/ozbamedikal.com.tr\/index.php?rest_route=%2Fwp%2Fv2%2Fmedia&parent=37"}],"curies":[{"name":"wp","href":"https:\/\/api.w.org\/{rel}","templated":true}]}}