{"id":40,"date":"2024-12-26T18:24:40","date_gmt":"2024-12-26T18:24:40","guid":{"rendered":"https:\/\/ozbamedikal.com.tr\/wp\/home\/"},"modified":"2024-12-27T20:29:03","modified_gmt":"2024-12-27T20:29:03","slug":"anasayfa","status":"publish","type":"page","link":"https:\/\/ozbamedikal.com.tr\/","title":{"rendered":"Anasayfa"},"content":{"rendered":"\n\n\n\n\n\n\n\n\n\n\n\n\n\nBiz Kimiz\n<h2>En \u0130yi T\u0131bbi \u00dcr\u00fcn ve Cihazlar\u0131 Sunuyoruz<\/h2>\n<p>\u00d6ZBA Medikal olarak m\u00fc\u015fterilerin beklentilerine kaliteli ve istikrarla kar\u015f\u0131l\u0131k vermek ilk \u00f6nceli\u011fimizdir. H\u0131zl\u0131 \u00fcr\u00fcn teslimi sat\u0131\u015f sonras\u0131 destek g\u00f6rev edinmi\u015f durumdad\u0131r.<\/p>\n\nM\u00fc\u015fteri Memnuniyeti\nH\u0131zl\u0131 Teslim\n\n\n\u00c7\u00f6z\u00fcm Odakl\u0131 Hizmet\nSat\u0131\u015f Sonras\u0131 Destek\n\n\n\n\n\n\n\n\n\n<h6>\u00c7\u00d6Z\u00dcM ODAKLI H\u0130ZMET ANLAYI\u015eI<\/h6>\n<h2>Medikal \u00dcr\u00fcn ve T\u0131bbi C\u0130hazlar\u0131m\u0131z i\u00e7in<\/h2>\n\n\n\n\n\n\n\n<h2>Hizmet Kalitemiz<\/h2>\n\n\n<p>\u00d6ZBA Medikal verimlili\u011fi benimsemi\u015f y\u00f6netim anlay\u0131\u015f\u0131, sayg\u0131n marka de\u011feri ve sekt\u00f6r tecr\u00fcbeli dinamik ekibi ile h\u0131zl\u0131, g\u00fcvenli ve do\u011fru \u00e7\u00f6z\u00fcmleri sizlere sunmaktad\u0131r..<\/p>\n\n\n\n\n\n\n\n\n\n\n\n\n\n\n\n","protected":false},"excerpt":{"rendered":"","protected":false},"author":1,"featured_media":0,"parent":0,"menu_order":0,"comment_status":"closed","ping_status":"closed","template":"","meta":{"_siteseo_robots_primary_cat":"","pagelayer_contact_templates":[],"_pagelayer_content":"","footnotes":""},"class_list":["post-40","page","type-page","status-publish","hentry"],"_links":{"self":[{"href":"https:\/\/ozbamedikal.com.tr\/index.php?rest_route=\/wp\/v2\/pages\/40","targetHints":{"allow":["GET"]}}],"collection":[{"href":"https:\/\/ozbamedikal.com.tr\/index.php?rest_route=\/wp\/v2\/pages"}],"about":[{"href":"https:\/\/ozbamedikal.com.tr\/index.php?rest_route=\/wp\/v2\/types\/page"}],"author":[{"embeddable":true,"href":"https:\/\/ozbamedikal.com.tr\/index.php?rest_route=\/wp\/v2\/users\/1"}],"replies":[{"embeddable":true,"href":"https:\/\/ozbamedikal.com.tr\/index.php?rest_route=%2Fwp%2Fv2%2Fcomments&post=40"}],"version-history":[{"count":21,"href":"https:\/\/ozbamedikal.com.tr\/index.php?rest_route=\/wp\/v2\/pages\/40\/revisions"}],"predecessor-version":[{"id":136,"href":"https:\/\/ozbamedikal.com.tr\/index.php?rest_route=\/wp\/v2\/pages\/40\/revisions\/136"}],"wp:attachment":[{"href":"https:\/\/ozbamedikal.com.tr\/index.php?rest_route=%2Fwp%2Fv2%2Fmedia&parent=40"}],"curies":[{"name":"wp","href":"https:\/\/api.w.org\/{rel}","templated":true}]}}